{"id":22,"date":"2020-08-25T10:11:00","date_gmt":"2020-08-25T10:11:00","guid":{"rendered":"https:\/\/www.dmoncao.com\/?page_id=22"},"modified":"2020-08-25T10:11:00","modified_gmt":"2020-08-25T10:11:00","slug":"inicio","status":"publish","type":"page","link":"http:\/\/www.dmoncao.com\/","title":{"rendered":"In\u00edcio"},"content":{"rendered":"\n<p>Bem-vindo ao seu site! Esta \u00e9 a sua p\u00e1gina inicial, que \u00e9 o que a maioria dos utilizadores ver\u00e1 ao visitar o seu site pela primeira vez.<\/p>\n","protected":false},"excerpt":{"rendered":"<p>Bem-vindo ao seu site! Esta \u00e9 a sua p\u00e1gina inicial, que \u00e9 o que a maioria dos utilizadores ver\u00e1 ao visitar o seu site pela primeira vez.<\/p>\n","protected":false},"author":1,"featured_media":0,"parent":0,"menu_order":0,"comment_status":"closed","ping_status":"closed","template":"","meta":[],"yoast_head":"<!-- This site is optimized with the Yoast SEO plugin v21.1 - https:\/\/yoast.com\/wordpress\/plugins\/seo\/ -->\r\n<title>In\u00edcio - Desportivo de Mon\u00e7\u00e3o<\/title>\r\n<meta name=\"robots\" content=\"index, follow, max-snippet:-1, max-image-preview:large, max-video-preview:-1\" \/>\r\n<link rel=\"canonical\" href=\"http:\/\/www.dmoncao.com\/\" \/>\r\n<meta property=\"og:locale\" content=\"pt_PT\" \/>\r\n<meta property=\"og:type\" content=\"article\" \/>\r\n<meta property=\"og:title\" content=\"In\u00edcio - Desportivo de Mon\u00e7\u00e3o\" \/>\r\n<meta property=\"og:description\" content=\"Bem-vindo ao seu site! Esta \u00e9 a sua p\u00e1gina inicial, que \u00e9 o que a maioria dos utilizadores ver\u00e1 ao visitar o seu site pela primeira vez.\" \/>\r\n<meta property=\"og:url\" content=\"http:\/\/www.dmoncao.com\/\" \/>\r\n<meta property=\"og:site_name\" content=\"Desportivo de Mon\u00e7\u00e3o\" \/>\r\n<meta name=\"twitter:card\" content=\"summary_large_image\" \/>\r\n<script type=\"application\/ld+json\" class=\"yoast-schema-graph\">{\"@context\":\"https:\/\/schema.org\",\"@graph\":[{\"@type\":\"WebPage\",\"@id\":\"http:\/\/www.dmoncao.com\/\",\"url\":\"http:\/\/www.dmoncao.com\/\",\"name\":\"In\u00edcio - Desportivo de Mon\u00e7\u00e3o\",\"isPartOf\":{\"@id\":\"http:\/\/www.dmoncao.com\/#website\"},\"datePublished\":\"2020-08-25T10:11:00+00:00\",\"dateModified\":\"2020-08-25T10:11:00+00:00\",\"breadcrumb\":{\"@id\":\"http:\/\/www.dmoncao.com\/#breadcrumb\"},\"inLanguage\":\"pt-PT\",\"potentialAction\":[{\"@type\":\"ReadAction\",\"target\":[\"http:\/\/www.dmoncao.com\/\"]}]},{\"@type\":\"BreadcrumbList\",\"@id\":\"http:\/\/www.dmoncao.com\/#breadcrumb\",\"itemListElement\":[{\"@type\":\"ListItem\",\"position\":1,\"name\":\"Home\",\"item\":\"http:\/\/www.dmoncao.com\/\"},{\"@type\":\"ListItem\",\"position\":2,\"name\":\"In\u00edcio\"}]},{\"@type\":\"WebSite\",\"@id\":\"http:\/\/www.dmoncao.com\/#website\",\"url\":\"http:\/\/www.dmoncao.com\/\",\"name\":\"Desportivo de Mon\u00e7\u00e3o\",\"description\":\"Juntos Crescemos\",\"potentialAction\":[{\"@type\":\"SearchAction\",\"target\":{\"@type\":\"EntryPoint\",\"urlTemplate\":\"http:\/\/www.dmoncao.com\/?s={search_term_string}\"},\"query-input\":\"required name=search_term_string\"}],\"inLanguage\":\"pt-PT\"}]}<\/script>\r\n<!-- \/ Yoast SEO plugin. -->","yoast_head_json":{"title":"In\u00edcio - Desportivo de Mon\u00e7\u00e3o","robots":{"index":"index","follow":"follow","max-snippet":"max-snippet:-1","max-image-preview":"max-image-preview:large","max-video-preview":"max-video-preview:-1"},"canonical":"http:\/\/www.dmoncao.com\/","og_locale":"pt_PT","og_type":"article","og_title":"In\u00edcio - Desportivo de Mon\u00e7\u00e3o","og_description":"Bem-vindo ao seu site! Esta \u00e9 a sua p\u00e1gina inicial, que \u00e9 o que a maioria dos utilizadores ver\u00e1 ao visitar o seu site pela primeira vez.","og_url":"http:\/\/www.dmoncao.com\/","og_site_name":"Desportivo de Mon\u00e7\u00e3o","twitter_card":"summary_large_image","schema":{"@context":"https:\/\/schema.org","@graph":[{"@type":"WebPage","@id":"http:\/\/www.dmoncao.com\/","url":"http:\/\/www.dmoncao.com\/","name":"In\u00edcio - Desportivo de Mon\u00e7\u00e3o","isPartOf":{"@id":"http:\/\/www.dmoncao.com\/#website"},"datePublished":"2020-08-25T10:11:00+00:00","dateModified":"2020-08-25T10:11:00+00:00","breadcrumb":{"@id":"http:\/\/www.dmoncao.com\/#breadcrumb"},"inLanguage":"pt-PT","potentialAction":[{"@type":"ReadAction","target":["http:\/\/www.dmoncao.com\/"]}]},{"@type":"BreadcrumbList","@id":"http:\/\/www.dmoncao.com\/#breadcrumb","itemListElement":[{"@type":"ListItem","position":1,"name":"Home","item":"http:\/\/www.dmoncao.com\/"},{"@type":"ListItem","position":2,"name":"In\u00edcio"}]},{"@type":"WebSite","@id":"http:\/\/www.dmoncao.com\/#website","url":"http:\/\/www.dmoncao.com\/","name":"Desportivo de Mon\u00e7\u00e3o","description":"Juntos Crescemos","potentialAction":[{"@type":"SearchAction","target":{"@type":"EntryPoint","urlTemplate":"http:\/\/www.dmoncao.com\/?s={search_term_string}"},"query-input":"required name=search_term_string"}],"inLanguage":"pt-PT"}]}},"_links":{"self":[{"href":"http:\/\/www.dmoncao.com\/index.php?rest_route=\/wp\/v2\/pages\/22"}],"collection":[{"href":"http:\/\/www.dmoncao.com\/index.php?rest_route=\/wp\/v2\/pages"}],"about":[{"href":"http:\/\/www.dmoncao.com\/index.php?rest_route=\/wp\/v2\/types\/page"}],"author":[{"embeddable":true,"href":"http:\/\/www.dmoncao.com\/index.php?rest_route=\/wp\/v2\/users\/1"}],"replies":[{"embeddable":true,"href":"http:\/\/www.dmoncao.com\/index.php?rest_route=%2Fwp%2Fv2%2Fcomments&post=22"}],"version-history":[{"count":1,"href":"http:\/\/www.dmoncao.com\/index.php?rest_route=\/wp\/v2\/pages\/22\/revisions"}],"predecessor-version":[{"id":28,"href":"http:\/\/www.dmoncao.com\/index.php?rest_route=\/wp\/v2\/pages\/22\/revisions\/28"}],"wp:attachment":[{"href":"http:\/\/www.dmoncao.com\/index.php?rest_route=%2Fwp%2Fv2%2Fmedia&parent=22"}],"curies":[{"name":"wp","href":"https:\/\/api.w.org\/{rel}","templated":true}]}}